{"id":2181,"date":"2013-05-12T16:08:36","date_gmt":"2013-05-12T16:08:36","guid":{"rendered":"http:\/\/www.vukic-apartmani.com\/de\/zadar\/"},"modified":"2015-08-17T10:33:08","modified_gmt":"2015-08-17T10:33:08","slug":"zadar","status":"publish","type":"page","link":"https:\/\/www.vukic-apartmani.com\/de\/zadar\/","title":{"rendered":"Zadar"},"content":{"rendered":"<p style=\"text-align: justify;\">Eine Stadt, die von Konstantin Porphyrogennetos ist \u00e4lter als Rom ist Sitz der Gespanschaft Zadar und eine der st\u00e4rkeren touristischen Zentren Kroatiens, der die Hunderttausende von G\u00e4sten, darunter viele Prominente aus der Welt der Wirtschaft, Politik, Film besucht, und ist wie die Erfahrungen Stadt mit einer Vielzahl von Veranstaltungen, die ihn zu einem der interessantesten und attraktivsten St\u00e4dte zu besuchen zu machen gilt. \u00dcber Zeuge sein kreatives Genie und modernen Werken wie den weltber\u00fchmten Sea Organe. Jahrhunderte bewegten Geschichte, Zerst\u00f6rung und Sch\u00f6pfung haben Spuren hinterlassen, sondern auch viele Aufzeichnungen von Zeit, die heutige wertvolle kulturelle Erbe der Stadt.<\/p>\n<p><img loading=\"lazy\" class=\" size-st_large wp-image-2090 aligncenter\" src=\"http:\/\/www.vukic-apartmani.com\/wp-content\/uploads\/2015\/07\/Zadar_svDonat-940x375.jpg\" alt=\"Zadar_svDonat\" width=\"940\" height=\"375\" \/><\/p>\n<p style=\"text-align: justify;\">Aus allen Epochen erhalten geblieben sind viele Kirchen und Denkm\u00e4ler, die in ihnen ist sichtbar Kunst aller Stilrichtungen der Architektur, von der R\u00f6merzeit \u00fcber das Mittelalter bis zur modernen Architektur. Rund 70 von ihnen befinden sich im historischen Zentrum der Stadt, w\u00e4hrend seine anderen Teile der schmalen und breiten Umgebung \u00fcber 600 unbewegliche Kulturdenkm\u00e4ler gez\u00e4hlt. Die Reste der r\u00f6mischen Iadera Hauptplatz des Theaters des gesamten \u00f6ffentlichen Leben der Stadt befindet sich vor der St. Donat und der Palast des Erzbischofs, und ist zum Zentrum des st\u00e4dtischen Lebens in Zadar interpoliert. Es wurde von der klassischen Stadtplanung w\u00e4hrend der Kaiserzeit des R\u00f6mischen Reiches aus dem 1. Jh BC zum 3. Jh gebaut. Zadar Forum wurde ihre Ma\u00dfnahmen ist einer der gr\u00f6\u00dften in der Adria w\u00e4hrend der Sp\u00e4tantike bis zur Forum entwickelt Christian Bischofs Komplex der Basilika und Anlagen und damit immer noch eine attraktive Tourismus fit aus zwei Traditionen, die in den anderen Attraktionen widerspiegeln machen solche wie das Museum des antiken Glases und Dauerausstellung &#8222;Gold und Silber von Zadar&#8220;. Innerhalb von Attraktion gl\u00e4nzen Gold und Silber, alte Manuskripte, aufwendige Stickereien und Wandteppiche, mystischen Reliquien und Kelche und andere Artefakte, die in die Freuden und Hoffnungen gewebt sind, Leiden und Glauben der bewegten Vergangenheit der Region.<\/p>\n<p><img loading=\"lazy\" class=\" size-st_large wp-image-2085 aligncenter\" src=\"http:\/\/www.vukic-apartmani.com\/wp-content\/uploads\/2015\/07\/zadar_forum_2-940x375.jpg\" alt=\"zadar_forum_2\" width=\"940\" height=\"375\" \/><\/p>\n<p style=\"text-align: justify;\">Zadar Uferpromenade ist ein wunderbarer Ort, um zu gehen und genie\u00dfen Sie die \u00fcppige Vegetation und Palmen mit ihr einen unvergesslichen Blick auf Archipel von Zadar und die Inseln Ugljan und Pasman. Meer Orgel hat sich die metaphorische Seite der Stadt Zadar, schw\u00e4rmte Einheimischen jeden Tag, und das hat eine unvermeidbare Punkt in allen Touristenrouten der Stadt Zadar und der Region zu werden. Dies ist eine Mischung aus menschlichen Ideen und F\u00e4higkeiten mit der Energie von Meereswellen. Gleichzeitig mit dem &#8222;sch\u00f6nsten Sonnenuntergang der Welt&#8220; die Beleuchtungselemente in einem Kreis installiert, produzieren sie eine wunderbare, \u00e4u\u00dferst beeindruckende Show von Licht im Rhythmus der Wellen und das Rauschen des Meeres Orgel.<\/p>\n<p style=\"text-align: justify;\"><img loading=\"lazy\" class=\" size-st_large wp-image-2089 aligncenter\" src=\"http:\/\/www.vukic-apartmani.com\/wp-content\/uploads\/2015\/07\/Zadar_pozdravsuncu-940x375.jpg\" alt=\"Zadar_pozdravsuncu\" width=\"940\" height=\"375\" \/><\/p>\n","protected":false},"excerpt":{"rendered":"<p>Eine Stadt, die von Konstantin Porphyrogennetos ist \u00e4lter als Rom ist Sitz der Gespanschaft Zadar und eine der st\u00e4rkeren touristischen Zentren Kroatiens, der die&#8230;<\/p>\n","protected":false},"author":1,"featured_media":0,"parent":0,"menu_order":0,"comment_status":"closed","ping_status":"closed","template":"","meta":[],"_links":{"self":[{"href":"https:\/\/www.vukic-apartmani.com\/de\/wp-json\/wp\/v2\/pages\/2181\/"}],"collection":[{"href":"https:\/\/www.vukic-apartmani.com\/de\/wp-json\/wp\/v2\/pages\/"}],"about":[{"href":"https:\/\/www.vukic-apartmani.com\/de\/wp-json\/wp\/v2\/types\/page\/"}],"author":[{"embeddable":true,"href":"https:\/\/www.vukic-apartmani.com\/de\/wp-json\/wp\/v2\/users\/1\/"}],"replies":[{"embeddable":true,"href":"https:\/\/www.vukic-apartmani.com\/de\/wp-json\/wp\/v2\/comments\/?post=2181"}],"version-history":[{"count":1,"href":"https:\/\/www.vukic-apartmani.com\/de\/wp-json\/wp\/v2\/pages\/2181\/revisions\/"}],"predecessor-version":[{"id":2226,"href":"https:\/\/www.vukic-apartmani.com\/de\/wp-json\/wp\/v2\/pages\/2181\/revisions\/2226\/"}],"wp:attachment":[{"href":"https:\/\/www.vukic-apartmani.com\/de\/wp-json\/wp\/v2\/media\/?parent=2181"}],"curies":[{"name":"wp","href":"https:\/\/api.w.org\/{rel}","templated":true}]}}